{"id":96,"date":"2024-01-07T23:16:48","date_gmt":"2024-01-07T22:16:48","guid":{"rendered":"https:\/\/strade.fit.vutbr.cz\/?page_id=96"},"modified":"2025-02-19T01:11:54","modified_gmt":"2025-02-19T00:11:54","slug":"vybrane-vysledky","status":"publish","type":"page","link":"https:\/\/strade.fit.vutbr.cz\/cs\/results\/","title":{"rendered":"Vybran\u00e9 v\u00fdsledky"},"content":{"rendered":"\n<h2 class=\"wp-block-heading has-text-align-center\">Software<\/h2>\n\n\n<div class=\"wp-block-ub-content-toggle\" id=\"ub-content-toggle-6c23c179-ab46-4fcf-aba4-e7b3d3734d74\" data-mobilecollapse=\"false\" data-desktopcollapse=\"true\">\n<div class=\"wp-block-ub-content-toggle-accordion\">\n                <div class=\"wp-block-ub-content-toggle-accordion-title-wrap\"\" aria-controls=\"ub-content-toggle-panel-0-6c23c179-ab46-4fcf-aba4-e7b3d3734d74\" tabindex=\"0\">\n                    <p class=\"wp-block-ub-content-toggle-accordion-title ub-content-toggle-title-6c23c179-ab46-4fcf-aba4-e7b3d3734d74\">SYDA Generator 2.0<\/p><div class=\"wp-block-ub-content-toggle-accordion-toggle-wrap right\"><span class=\"wp-block-ub-content-toggle-accordion-state-indicator wp-block-ub-chevron-down\"><\/span>\n                    <\/div><\/div><div role=\"region\" aria-expanded=\"false\" class=\"wp-block-ub-content-toggle-accordion-content-wrap ub-hide\" id=\"ub-content-toggle-panel-0-6c23c179-ab46-4fcf-aba4-e7b3d3734d74\">\n\n<p>Auto\u0159i: Tom\u00e1\u0161 Goldmann, Martin Drahansk\u00fd<\/p>\n\n\n\n<div class=\"wp-block-group is-nowrap is-layout-flex wp-container-core-group-is-layout-ad2f72ca wp-block-group-is-layout-flex\">\n<p class=\"has-text-align-center text-justify\">Prost\u0159ednictv\u00edm tohoto p\u0159\u00edstupu lze vygnerovat datov\u00e9 sady, kter\u00e9 mohou b\u00fdt vyu\u017eit\u00e9 pro tr\u00e9nov\u00e1n\u00ed algoritm\u016f jak z oblasti strojov\u00e9ho u\u010den\u00ed, tak i pro validaci v\u00fdsledk\u016f z existuj\u00edc\u00edch \u0159e\u0161en\u00ed. Program funguje tak, \u017ee nat\u00e1\u010d\u00ed objekt do p\u0159esn\u011b stanoven\u00fdch pozic v\u016f\u010di zvolen\u00e9mu pozad\u00ed.<\/p>\n\n\n\n<figure class=\"wp-block-image size-full\"><img loading=\"lazy\" decoding=\"async\" width=\"1000\" height=\"1000\" src=\"https:\/\/strade.fit.vutbr.cz\/wp-content\/uploads\/2024\/02\/sydagenerator.jpg\" alt=\"\" class=\"wp-image-412\" srcset=\"https:\/\/strade.fit.vutbr.cz\/wp-content\/uploads\/2024\/02\/sydagenerator.jpg 1000w, https:\/\/strade.fit.vutbr.cz\/wp-content\/uploads\/2024\/02\/sydagenerator-300x300.jpg 300w, https:\/\/strade.fit.vutbr.cz\/wp-content\/uploads\/2024\/02\/sydagenerator-150x150.jpg 150w, https:\/\/strade.fit.vutbr.cz\/wp-content\/uploads\/2024\/02\/sydagenerator-768x768.jpg 768w, https:\/\/strade.fit.vutbr.cz\/wp-content\/uploads\/2024\/02\/sydagenerator-12x12.jpg 12w\" sizes=\"auto, (max-width: 1000px) 100vw, 1000px\" \/><\/figure>\n\n\n\n<div class=\"wp-block-columns is-layout-flex wp-container-core-columns-is-layout-9d6595d7 wp-block-columns-is-layout-flex\">\n<div class=\"wp-block-column is-layout-flow wp-block-column-is-layout-flow\"><\/div>\n<\/div>\n<\/div>\n\n\n\n<p><a href=\"https:\/\/www.fit.vut.cz\/research\/product\/668\">Odkaz<\/a><\/p>\n\n<\/div><\/div>\n\n<div class=\"wp-block-ub-content-toggle-accordion\">\n                <div class=\"wp-block-ub-content-toggle-accordion-title-wrap\"\" aria-controls=\"ub-content-toggle-panel-1-6c23c179-ab46-4fcf-aba4-e7b3d3734d74\" tabindex=\"0\">\n                    <p class=\"wp-block-ub-content-toggle-accordion-title ub-content-toggle-title-6c23c179-ab46-4fcf-aba4-e7b3d3734d74\">Face AI Kit<\/p><div class=\"wp-block-ub-content-toggle-accordion-toggle-wrap right\"><span class=\"wp-block-ub-content-toggle-accordion-state-indicator wp-block-ub-chevron-down\"><\/span>\n                    <\/div><\/div><div role=\"region\" aria-expanded=\"false\" class=\"wp-block-ub-content-toggle-accordion-content-wrap ub-hide\" id=\"ub-content-toggle-panel-1-6c23c179-ab46-4fcf-aba4-e7b3d3734d74\">\n\n<p>Auto\u0159i: Tom\u00e1\u0161 Goldmann<\/p>\n\n\n\n<div class=\"wp-block-group is-nowrap is-layout-flex wp-container-core-group-is-layout-ad2f72ca wp-block-group-is-layout-flex\">\n<p class=\"has-text-align-center text-justify\">Knihovna pro detekci a rozpozn\u00e1v\u00e1n\u00ed obli\u010deje.<\/p>\n\n\n\n<figure class=\"wp-block-image size-full\"><img loading=\"lazy\" decoding=\"async\" width=\"504\" height=\"378\" src=\"https:\/\/strade.fit.vutbr.cz\/wp-content\/uploads\/2024\/02\/detection.png\" alt=\"\" class=\"wp-image-414\" srcset=\"https:\/\/strade.fit.vutbr.cz\/wp-content\/uploads\/2024\/02\/detection.png 504w, https:\/\/strade.fit.vutbr.cz\/wp-content\/uploads\/2024\/02\/detection-300x225.png 300w, https:\/\/strade.fit.vutbr.cz\/wp-content\/uploads\/2024\/02\/detection-16x12.png 16w\" sizes=\"auto, (max-width: 504px) 100vw, 504px\" \/><\/figure>\n\n\n\n<div class=\"wp-block-columns is-layout-flex wp-container-core-columns-is-layout-9d6595d7 wp-block-columns-is-layout-flex\">\n<div class=\"wp-block-column is-layout-flow wp-block-column-is-layout-flow\"><\/div>\n<\/div>\n<\/div>\n\n\n\n<p>Odkaz<\/p>\n\n<\/div><\/div>\n<\/div>\n\n\n<hr class=\"wp-block-separator has-alpha-channel-opacity\"\/>\n\n\n\n<h2 class=\"wp-block-heading has-text-align-center\">Hardware<\/h2>\n\n\n<div class=\"wp-block-ub-content-toggle\" id=\"ub-content-toggle-4d1000fe-5a01-460e-b61e-a728684c7a8e\" data-mobilecollapse=\"false\" data-desktopcollapse=\"true\">\n<div class=\"wp-block-ub-content-toggle-accordion\">\n                <div class=\"wp-block-ub-content-toggle-accordion-title-wrap\"\" aria-controls=\"ub-content-toggle-panel-0-4d1000fe-5a01-460e-b61e-a728684c7a8e\" tabindex=\"0\">\n                    <p class=\"wp-block-ub-content-toggle-accordion-title ub-content-toggle-title-4d1000fe-5a01-460e-b61e-a728684c7a8e\">Meibograf &#8211; funk\u010dn\u00ed vzorek<\/p><div class=\"wp-block-ub-content-toggle-accordion-toggle-wrap right\"><span class=\"wp-block-ub-content-toggle-accordion-state-indicator wp-block-ub-chevron-down\"><\/span>\n                    <\/div><\/div><div role=\"region\" aria-expanded=\"false\" class=\"wp-block-ub-content-toggle-accordion-content-wrap ub-hide\" id=\"ub-content-toggle-panel-0-4d1000fe-5a01-460e-b61e-a728684c7a8e\">\n\n<p>Auto\u0159i: \u0160t\u011bp\u00e1n Rydlo, M\u0148uk Tom\u00e1\u0161, Martin Drahansk\u00fd<\/p>\n\n\n\n<div class=\"wp-block-columns is-layout-flex wp-container-core-columns-is-layout-9d6595d7 wp-block-columns-is-layout-flex\">\n<div class=\"wp-block-column text-justify is-layout-flow wp-block-column-is-layout-flow\">\n<p class=\"has-text-align-center\">Za\u0159\u00edzen\u00ed bylo navr\u017eeno pro oftalmology jako dopl\u0148kov\u00e9 za\u0159\u00edzen\u00ed k \u0161t\u011brbinov\u00e9 lamp\u011b. Slou\u017e\u00ed jako levn\u011bj\u0161\u00ed alternativa k ji\u017e existuj\u00edc\u00edm za\u0159\u00edzen\u00edm. \u00da\u010delem za\u0159\u00edzen\u00ed je sn\u00edm\u00e1n\u00ed a zv\u00fdrazn\u011bn\u00ed slzn\u00fdch (meibovsk\u00fdch) \u017el\u00e1z. Za\u0159\u00edzen\u00ed se skl\u00e1d\u00e1 z osv\u011btlen\u00ed o vlnov\u00fdch d\u00e9lk\u00e1ch infra\u010derven\u00e9ho sv\u011btla (NIR) a kamery schopn\u00e9 sn\u00edmat dan\u00e9 vlnov\u00e9 d\u00e9lky. Osv\u011btlen\u00ed je mo\u017en\u00e9 ovl\u00e1dat ru\u010dn\u011b nebo automaticky pomoc\u00ed po\u010d\u00edta\u010de.<\/p>\n<\/div>\n\n\n\n<div class=\"wp-block-column is-layout-flow wp-block-column-is-layout-flow\">\n<figure class=\"wp-block-image size-full\"><img loading=\"lazy\" decoding=\"async\" width=\"600\" height=\"450\" src=\"https:\/\/strade.fit.vutbr.cz\/wp-content\/uploads\/2024\/02\/meibograf.jpg\" alt=\"\" class=\"wp-image-537\" srcset=\"https:\/\/strade.fit.vutbr.cz\/wp-content\/uploads\/2024\/02\/meibograf.jpg 600w, https:\/\/strade.fit.vutbr.cz\/wp-content\/uploads\/2024\/02\/meibograf-300x225.jpg 300w, https:\/\/strade.fit.vutbr.cz\/wp-content\/uploads\/2024\/02\/meibograf-16x12.jpg 16w\" sizes=\"auto, (max-width: 600px) 100vw, 600px\" \/><\/figure>\n<\/div>\n<\/div>\n\n\n\n<p><a href=\"https:\/\/www.fit.vut.cz\/research\/product\/668\">Odkaz<\/a><\/p>\n\n<\/div><\/div>\n\n<div class=\"wp-block-ub-content-toggle-accordion\">\n                <div class=\"wp-block-ub-content-toggle-accordion-title-wrap\"\" aria-controls=\"ub-content-toggle-panel-1-4d1000fe-5a01-460e-b61e-a728684c7a8e\" tabindex=\"0\">\n                    <p class=\"wp-block-ub-content-toggle-accordion-title ub-content-toggle-title-4d1000fe-5a01-460e-b61e-a728684c7a8e\">Sn\u00edma\u010de krevn\u00edho \u0159e\u010di\u0161t\u011b prstu &#8211; funk\u010dn\u00ed vzorek<\/p><div class=\"wp-block-ub-content-toggle-accordion-toggle-wrap right\"><span class=\"wp-block-ub-content-toggle-accordion-state-indicator wp-block-ub-chevron-down\"><\/span>\n                    <\/div><\/div><div role=\"region\" aria-expanded=\"false\" class=\"wp-block-ub-content-toggle-accordion-content-wrap ub-hide\" id=\"ub-content-toggle-panel-1-4d1000fe-5a01-460e-b61e-a728684c7a8e\">\n\n<p>Auto\u0159i: \u0160t\u011bp\u00e1n Rydlo, Martin Drahansk\u00fd<\/p>\n\n\n\n<div class=\"wp-block-columns is-layout-flex wp-container-core-columns-is-layout-9d6595d7 wp-block-columns-is-layout-flex\">\n<div class=\"wp-block-column is-layout-flow wp-block-column-is-layout-flow\">\n<p class=\"has-text-align-center text-justify\">Krevn\u00ed \u0159e\u010di\u0161t\u011b prstu je jednou z biometrick\u00fdch metod pou\u017eiteln\u00fdch pro rozpozn\u00e1v\u00e1n\u00ed osob. \u00da\u010delem tohoto za\u0159\u00edzen\u00ed je pomoc\u00ed infra\u010derven\u00e9ho sv\u011btla (NIR) osv\u00edtit prst a n\u00e1sledn\u011b pomoc\u00ed kamery sn\u00edmat krevn\u00ed \u0159e\u010di\u0161t\u011b, kter\u00e9 je zv\u00fdrazn\u011bno d\u00edky pohlcen\u00ed sv\u011btla hemoglobinem. Zrcadla pou\u017eit\u00e1 v tomto za\u0159\u00edzen\u00ed slou\u017e\u00ed k nasn\u00edm\u00e1n\u00ed tohoto \u0159e\u010di\u0161t\u011b z v\u00edce \u00fahl\u016f pohledu.<\/p>\n<\/div>\n\n\n\n<div class=\"wp-block-column is-layout-flow wp-block-column-is-layout-flow\">\n<figure class=\"wp-block-image size-large\"><img loading=\"lazy\" decoding=\"async\" width=\"768\" height=\"1024\" src=\"https:\/\/strade.fit.vutbr.cz\/wp-content\/uploads\/2024\/02\/veins_device-768x1024.jpg\" alt=\"\" class=\"wp-image-538\" srcset=\"https:\/\/strade.fit.vutbr.cz\/wp-content\/uploads\/2024\/02\/veins_device-768x1024.jpg 768w, https:\/\/strade.fit.vutbr.cz\/wp-content\/uploads\/2024\/02\/veins_device-225x300.jpg 225w, https:\/\/strade.fit.vutbr.cz\/wp-content\/uploads\/2024\/02\/veins_device-9x12.jpg 9w, https:\/\/strade.fit.vutbr.cz\/wp-content\/uploads\/2024\/02\/veins_device.jpg 922w\" sizes=\"auto, (max-width: 768px) 100vw, 768px\" \/><\/figure>\n<\/div>\n<\/div>\n\n<\/div><\/div>\n\n<div class=\"wp-block-ub-content-toggle-accordion\">\n                <div class=\"wp-block-ub-content-toggle-accordion-title-wrap\"\" aria-controls=\"ub-content-toggle-panel-2-4d1000fe-5a01-460e-b61e-a728684c7a8e\" tabindex=\"0\">\n                    <p class=\"wp-block-ub-content-toggle-accordion-title ub-content-toggle-title-4d1000fe-5a01-460e-b61e-a728684c7a8e\">Funk\u010dn\u00ed vzorek robotick\u00e9 platformy pro hled\u00e1n\u00ed osob v z\u00e1valech a lavin\u00e1ch &#8211; funk\u010dn\u00ed vzorek<\/p><div class=\"wp-block-ub-content-toggle-accordion-toggle-wrap right\"><span class=\"wp-block-ub-content-toggle-accordion-state-indicator wp-block-ub-chevron-down\"><\/span>\n                    <\/div><\/div><div role=\"region\" aria-expanded=\"false\" class=\"wp-block-ub-content-toggle-accordion-content-wrap ub-hide\" id=\"ub-content-toggle-panel-2-4d1000fe-5a01-460e-b61e-a728684c7a8e\">\n\n<p>Auto\u0159i: Martin Drahansk\u00fd, Filip Ors\u00e1g, Josef H\u00e1jek, Radim L\u016f\u017ea, Jan V\u00e1\u0148a, Ale\u0161 Marvan, Tom\u00e1\u0161 Novotn\u00fd, Adam Babinec, Adam Trho\u0148<\/p>\n\n\n\n<div class=\"wp-block-columns is-layout-flex wp-container-core-columns-is-layout-9d6595d7 wp-block-columns-is-layout-flex\">\n<div class=\"wp-block-column is-layout-flow wp-block-column-is-layout-flow\">\n<p class=\"has-text-align-center text-justify\">Robot je postaven na pevn\u00e9m, odoln\u00e9m podvozku s p\u00e1sy, kter\u00fd poh\u00e1n\u00ed siln\u00fd p\u00e1r motor\u016f Animatics s v\u00fdkonem 500 W (t\u0159\u00edda 5), vybaven\u00fdch p\u0159evodem a statickou brzdou. Podvozek nese modul\u00e1rn\u00ed platformu umo\u017e\u0148uj\u00edc\u00ed jednoduch\u00e9 upgrady. K dispozici jsou t\u0159i moduly p\u0159ipraven\u00e9 k pou\u017eit\u00ed &#8211; robotick\u00e1 pa\u017ee, bioradar a pokro\u010dil\u00fd senzorov\u00fd syst\u00e9m.<\/p>\n<\/div>\n\n\n\n<div class=\"wp-block-column is-layout-flow wp-block-column-is-layout-flow\">\n<figure class=\"wp-block-image size-full\"><img loading=\"lazy\" decoding=\"async\" width=\"678\" height=\"601\" src=\"https:\/\/strade.fit.vutbr.cz\/wp-content\/uploads\/2024\/02\/ruda-1.png\" alt=\"\" class=\"wp-image-612\" srcset=\"https:\/\/strade.fit.vutbr.cz\/wp-content\/uploads\/2024\/02\/ruda-1.png 678w, https:\/\/strade.fit.vutbr.cz\/wp-content\/uploads\/2024\/02\/ruda-1-300x266.png 300w, https:\/\/strade.fit.vutbr.cz\/wp-content\/uploads\/2024\/02\/ruda-1-14x12.png 14w\" sizes=\"auto, (max-width: 678px) 100vw, 678px\" \/><\/figure>\n<\/div>\n<\/div>\n\n<\/div><\/div>\n\n<div class=\"wp-block-ub-content-toggle-accordion\">\n                <div class=\"wp-block-ub-content-toggle-accordion-title-wrap\"\" aria-controls=\"ub-content-toggle-panel-3-4d1000fe-5a01-460e-b61e-a728684c7a8e\" tabindex=\"0\">\n                    <p class=\"wp-block-ub-content-toggle-accordion-title ub-content-toggle-title-4d1000fe-5a01-460e-b61e-a728684c7a8e\">Semi-Autonomous Optical Tracking System &#8211; funk\u010dn\u00ed vzorek<\/p><div class=\"wp-block-ub-content-toggle-accordion-toggle-wrap right\"><span class=\"wp-block-ub-content-toggle-accordion-state-indicator wp-block-ub-chevron-down\"><\/span>\n                    <\/div><\/div><div role=\"region\" aria-expanded=\"false\" class=\"wp-block-ub-content-toggle-accordion-content-wrap ub-hide\" id=\"ub-content-toggle-panel-3-4d1000fe-5a01-460e-b61e-a728684c7a8e\">\n\n<p>Auto\u0159i: Ors\u00e1g Filip, Drahansk\u00fd Martin<\/p>\n\n\n\n<div class=\"wp-block-columns is-layout-flex wp-container-core-columns-is-layout-9d6595d7 wp-block-columns-is-layout-flex\">\n<div class=\"wp-block-column is-layout-flow wp-block-column-is-layout-flow\">\n<p class=\"has-text-align-left text-justify\">sAOTS je samostatn\u00fd optick\u00fd sledovac\u00ed syst\u00e9m, kter\u00fd obsahuje vysokorychlostn\u00ed digit\u00e1ln\u00ed GigE kameru a motorizovan\u00e9 zoomov\u00e9 objektivy s \u0161irok\u00fdm rozsahem ohniskov\u00fdch vzd\u00e1lenost\u00ed. Tato optick\u00e1 soustava umo\u017e\u0148uje sledov\u00e1n\u00ed objekt\u016f na dlouh\u00e9 vzd\u00e1lenosti. Optick\u00e1 soustava je namontov\u00e1na na vojensk\u00e9m P\/T manipul\u00e1toru um\u00edst\u011bn\u00e9m na stojanu s v\u00fdkonn\u00fdm vestav\u011bn\u00fdm po\u010d\u00edta\u010dov\u00fdm syst\u00e9mem. Cel\u00fd syst\u00e9m je modul\u00e1rn\u00ed \u0159e\u0161en\u00ed a m\u016f\u017ee vyu\u017e\u00edvat vlastn\u00ed kameru a vlastn\u00ed v\u00fdpo\u010detn\u00ed jednotku pro zpracov\u00e1n\u00ed videa.<\/p>\n<\/div>\n\n\n\n<div class=\"wp-block-column is-layout-flow wp-block-column-is-layout-flow\"><div class=\"wp-block-image\">\n<figure class=\"aligncenter size-medium\"><img loading=\"lazy\" decoding=\"async\" width=\"235\" height=\"300\" src=\"https:\/\/strade.fit.vutbr.cz\/wp-content\/uploads\/2024\/02\/satos-1-235x300.png\" alt=\"\" class=\"wp-image-613\" style=\"object-fit:cover\" srcset=\"https:\/\/strade.fit.vutbr.cz\/wp-content\/uploads\/2024\/02\/satos-1-235x300.png 235w, https:\/\/strade.fit.vutbr.cz\/wp-content\/uploads\/2024\/02\/satos-1-9x12.png 9w, https:\/\/strade.fit.vutbr.cz\/wp-content\/uploads\/2024\/02\/satos-1.png 405w\" sizes=\"auto, (max-width: 235px) 100vw, 235px\" \/><\/figure>\n<\/div><\/div>\n<\/div>\n\n<\/div><\/div>\n<\/div>\n\n\n<hr class=\"wp-block-separator has-alpha-channel-opacity\"\/>\n\n\n\n<h2 class=\"wp-block-heading has-text-align-center\">Publikace<\/h2>\n\n\n\n<p class=\"has-text-align-center\"><a href=\"https:\/\/www.fit.vut.cz\/research\/group\/strade\/publications\/.en\">https:\/\/www.fit.vut.cz\/research\/group\/strade\/publications\/.en<\/a><\/p>\n","protected":false},"excerpt":{"rendered":"<p>Software Hardware Publikace https:\/\/www.fit.vut.cz\/research\/group\/strade\/publications\/.en<\/p>\n","protected":false},"author":3,"featured_media":0,"parent":0,"menu_order":0,"comment_status":"closed","ping_status":"closed","template":"","meta":{"ub_ctt_via":"","footnotes":""},"class_list":["post-96","page","type-page","status-publish","hentry"],"featured_image_src":null,"_links":{"self":[{"href":"https:\/\/strade.fit.vutbr.cz\/index.php\/wp-json\/wp\/v2\/pages\/96","targetHints":{"allow":["GET"]}}],"collection":[{"href":"https:\/\/strade.fit.vutbr.cz\/index.php\/wp-json\/wp\/v2\/pages"}],"about":[{"href":"https:\/\/strade.fit.vutbr.cz\/index.php\/wp-json\/wp\/v2\/types\/page"}],"author":[{"embeddable":true,"href":"https:\/\/strade.fit.vutbr.cz\/index.php\/wp-json\/wp\/v2\/users\/3"}],"replies":[{"embeddable":true,"href":"https:\/\/strade.fit.vutbr.cz\/index.php\/wp-json\/wp\/v2\/comments?post=96"}],"version-history":[{"count":135,"href":"https:\/\/strade.fit.vutbr.cz\/index.php\/wp-json\/wp\/v2\/pages\/96\/revisions"}],"predecessor-version":[{"id":1087,"href":"https:\/\/strade.fit.vutbr.cz\/index.php\/wp-json\/wp\/v2\/pages\/96\/revisions\/1087"}],"wp:attachment":[{"href":"https:\/\/strade.fit.vutbr.cz\/index.php\/wp-json\/wp\/v2\/media?parent=96"}],"curies":[{"name":"wp","href":"https:\/\/api.w.org\/{rel}","templated":true}]}}