{"id":31,"date":"2024-01-07T18:03:21","date_gmt":"2024-01-07T17:03:21","guid":{"rendered":"https:\/\/strade.fit.vutbr.cz\/?page_id=31"},"modified":"2025-10-28T13:01:47","modified_gmt":"2025-10-28T12:01:47","slug":"uvodni-stranka","status":"publish","type":"page","link":"https:\/\/strade.fit.vutbr.cz\/cs\/","title":{"rendered":"\u00davodn\u00ed str\u00e1nka"},"content":{"rendered":"\n<div class=\"wp-block-cover alignfull hestia-clear-top-padding\"><span aria-hidden=\"true\" class=\"wp-block-cover__background has-background-dim-100 has-background-dim\" style=\"background-color:#22252a\"><\/span><div class=\"wp-block-cover__inner-container is-layout-flow wp-block-cover-is-layout-flow\">\n<div class=\"wp-block-columns container is-layout-flex wp-container-core-columns-is-layout-9d6595d7 wp-block-columns-is-layout-flex\">\n<div class=\"wp-block-column is-layout-flow wp-block-column-is-layout-flow\">\n<h3 class=\"wp-block-heading has-text-align-center\">Pro studenty<\/h3>\n\n\n\n<p class=\"has-text-align-center\">T\u00e9mata pro BP\/DP\/Projektov\u00e9 praxe<\/p>\n\n\n\n<p class=\"has-text-align-center\">Zapojen\u00ed do v\u00fdzkumu<\/p>\n<\/div>\n\n\n\n<div class=\"wp-block-column is-layout-flow wp-block-column-is-layout-flow\">\n<h3 class=\"wp-block-heading has-text-align-center\">Pro firmy<\/h3>\n\n\n\n<p class=\"has-text-align-center\">Spolupr\u00e1ce v oblasti aplikovan\u00e9ho v\u00fdzkumu<\/p>\n\n\n\n<p class=\"has-text-align-center\">Zvy\u0161ov\u00e1n\u00ed konkurence schopnosti nasazov\u00e1n\u00edm state-of-the-art \u0159e\u0161en\u00ed<\/p>\n<\/div>\n<\/div>\n<\/div><\/div>\n\n\n\n<h2 class=\"wp-block-heading has-text-align-center\">O skupin\u011b<\/h2>\n\n\n\n<p class=\"has-text-align-center has-white-color has-text-color has-link-color has-medium-font-size wp-elements-1300c84f40e3e2c18aee324313cdf214\"><br>V\u00fdzkumn\u00e1 skupina STRaDe je sou\u010d\u00e1st\u00ed \u00dastavu inteligentn\u00edch syst\u00e9m\u016f na Fakult\u011b informa\u010dn\u00edch technologi\u00ed Vysok\u00e9ho u\u010den\u00ed technick\u00e9ho v Brn\u011b. Hlavn\u00edm zam\u011b\u0159en\u00edm skupiny je v\u00fdzkum a v\u00fdvoj technologi\u00ed v oblasti bezpe\u010dnosti, kter\u00fd zahrnuje jak software, tak i hardware. Bezpe\u010dnostn\u00ed technologie obklopuj\u00ed velmi \u0161irokou \u0161k\u00e1lu aplikac\u00ed a za\u0159\u00edzen\u00ed. Nejv\u011bt\u0161\u00ed \u010d\u00e1st na\u0161eho v\u00fdzkumu se soust\u0159ed\u00ed na biometrii. Zab\u00fdv\u00e1me se mnoha aspekty biometrie, p\u0159i\u010dem\u017e na\u0161e znalosti a zam\u011b\u0159en\u00ed pokr\u00fdvaj\u00ed celou \u0159adu algoritm\u016f a \u0159e\u0161en\u00ed, jako jsou nap\u0159\u00edklad sn\u00edm\u00e1n\u00ed a rozpozn\u00e1v\u00e1n\u00ed otisk\u016f prst\u016f, duhovky a s\u00edtnice, 3D obli\u010dej a ruce, rozpozn\u00e1n\u00ed \u017eil, detekce \u017eivosti r\u016fzn\u00fdch biometrik atd. D\u00e1le se zam\u011b\u0159ujeme na v\u00fdvoj \u0159e\u0161en\u00ed vyu\u017e\u00edvaj\u00edc\u00edch zpracov\u00e1n\u00ed obrazu a um\u011blou inteligenci. M\u00e1me zku\u0161enosti s klasick\u00fdmi hlubok\u00fdmi neuronov\u00fdmi s\u00edt\u011bmi, GAN s\u00edt\u011bmi, LSTM s\u00edt\u011bmi a jejich akcelerac\u00ed.<\/p>\n","protected":false},"excerpt":{"rendered":"<p>O skupin\u011b V\u00fdzkumn\u00e1 skupina STRaDe je sou\u010d\u00e1st\u00ed \u00dastavu inteligentn\u00edch syst\u00e9m\u016f na Fakult\u011b informa\u010dn\u00edch technologi\u00ed Vysok\u00e9ho u\u010den\u00ed technick\u00e9ho v Brn\u011b. Hlavn\u00edm zam\u011b\u0159en\u00edm skupiny je v\u00fdzkum a v\u00fdvoj technologi\u00ed v oblasti bezpe\u010dnosti, kter\u00fd zahrnuje jak software, tak i hardware. Bezpe\u010dnostn\u00ed technologie obklopuj\u00ed velmi \u0161irokou \u0161k\u00e1lu aplikac\u00ed a za\u0159\u00edzen\u00ed. Nejv\u011bt\u0161\u00ed \u010d\u00e1st na\u0161eho v\u00fdzkumu [&hellip;]<\/p>\n","protected":false},"author":2,"featured_media":843,"parent":0,"menu_order":0,"comment_status":"closed","ping_status":"closed","template":"","meta":{"ub_ctt_via":"","footnotes":""},"class_list":["post-31","page","type-page","status-publish","has-post-thumbnail","hentry"],"featured_image_src":"https:\/\/strade.fit.vutbr.cz\/wp-content\/uploads\/2024\/08\/PXL_20240828_101401222.MP_.jpg","_links":{"self":[{"href":"https:\/\/strade.fit.vutbr.cz\/index.php\/wp-json\/wp\/v2\/pages\/31","targetHints":{"allow":["GET"]}}],"collection":[{"href":"https:\/\/strade.fit.vutbr.cz\/index.php\/wp-json\/wp\/v2\/pages"}],"about":[{"href":"https:\/\/strade.fit.vutbr.cz\/index.php\/wp-json\/wp\/v2\/types\/page"}],"author":[{"embeddable":true,"href":"https:\/\/strade.fit.vutbr.cz\/index.php\/wp-json\/wp\/v2\/users\/2"}],"replies":[{"embeddable":true,"href":"https:\/\/strade.fit.vutbr.cz\/index.php\/wp-json\/wp\/v2\/comments?post=31"}],"version-history":[{"count":63,"href":"https:\/\/strade.fit.vutbr.cz\/index.php\/wp-json\/wp\/v2\/pages\/31\/revisions"}],"predecessor-version":[{"id":1317,"href":"https:\/\/strade.fit.vutbr.cz\/index.php\/wp-json\/wp\/v2\/pages\/31\/revisions\/1317"}],"wp:featuredmedia":[{"embeddable":true,"href":"https:\/\/strade.fit.vutbr.cz\/index.php\/wp-json\/wp\/v2\/media\/843"}],"wp:attachment":[{"href":"https:\/\/strade.fit.vutbr.cz\/index.php\/wp-json\/wp\/v2\/media?parent=31"}],"curies":[{"name":"wp","href":"https:\/\/api.w.org\/{rel}","templated":true}]}}